{"id":36,"date":"2015-12-10T16:31:37","date_gmt":"2015-12-10T16:31:37","guid":{"rendered":"https:\/\/themegavias.com\/wp\/enzio\/?page_id=36"},"modified":"2025-05-22T10:04:38","modified_gmt":"2025-05-22T10:04:38","slug":"home-2-2","status":"publish","type":"page","link":"https:\/\/faden.ao\/","title":{"rendered":"Bem Vindo ao Website Oficial da FADEN"},"content":{"rendered":"<div class=\"wpb-content-wrapper\"><p>[vc_row row_space=&#8221;remove_padding&#8221; isfullwidth=&#8221;0&#8243;][vc_column css=&#8221;.vc_custom_1744128430231{border-radius: 20px !important;}&#8221;][vc_empty_space]\n\t\t\t\t<p class=\"rs-p-wp-fix\"><\/p>\n\t\t\t\t<sr7-module data-alias=\"slider-1\" data-id=\"1\" id=\"SR7_1_1\" class=\"rs-ov-hidden\" data-version=\"6.7.27\">\n\t\t\t\t\t<sr7-adjuster><\/sr7-adjuster>\n\t\t\t\t\t<sr7-content>\n\t\t\t\t\t\t<sr7-slide id=\"SR7_1_1-2\" data-key=\"2\">\n\t\t\t\t\t\t\t<sr7-bg id=\"SR7_1_1-2-7\" class=\"sr7-layer\"><noscript><img decoding=\"async\" src=\"https:\/\/faden.ao\/wp-content\/uploads\/2025\/04\/faden-bg-1.png\" alt=\"\" title=\"faden-bg\"><\/noscript><\/sr7-bg>\n\t\t\t\t\t\t\t<sr7-txt id=\"SR7_1_1-2-3\" class=\"sr7-layer\">Construindo <b style color=\"#ff0000\">  Campe\u00f5es <\/b> <br>para o Mundo<\/sr7-txt>\n\t\t\t\t\t\t\t<sr7-txt id=\"SR7_1_1-2-4\" class=\"sr7-layer\"> We are a global branding agency helping companies to communicate <br> through vision and imagination.<\/sr7-txt>\n\t\t\t\t\t\t\t<sr7-txt id=\"SR7_1_1-2-6\" class=\"sr7-layer\">Read more<\/sr7-txt>\n\t\t\t\t\t\t<\/sr7-slide>\n\t\t\t\t\t\t<sr7-slide id=\"SR7_1_1-3\" data-key=\"3\">\n\t\t\t\t\t\t\t<sr7-bg id=\"SR7_1_1-3-8\" class=\"sr7-layer\"><noscript><img decoding=\"async\" src=\"https:\/\/faden.ao\/wp-content\/uploads\/2025\/04\/men-kayaking-nature-exploring-extreme-terrain-enjoying-recreational-pursuit-generated-by-artificial-intellingence-1-scaled.jpg\" alt=\"\" title=\"Men kayaking in nature, exploring extreme terrain, enjoying recreational pursuit generated by AI\"><\/noscript><\/sr7-bg>\n\t\t\t\t\t\t\t<sr7-txt id=\"SR7_1_1-3-3\" class=\"sr7-layer\">A Casa dos <br>Desportos N\u00e1uticos Nacionais<\/sr7-txt>\n\t\t\t\t\t\t\t<sr7-txt id=\"SR7_1_1-3-4\" class=\"sr7-layer\"> We are a global branding agency helping companies to communicate <br> through vision and imagination.<\/sr7-txt>\n\t\t\t\t\t\t\t<sr7-txt id=\"SR7_1_1-3-6\" class=\"sr7-layer\">Read more<\/sr7-txt>\n\t\t\t\t\t\t\t<sr7-txt id=\"SR7_1_1-3-7\" class=\"sr7-layer\">BEM-VINDO<\/sr7-txt>\n\t\t\t\t\t\t<\/sr7-slide>\n\t\t\t\t\t\t<sr7-slide id=\"SR7_1_1-4\" data-key=\"4\">\n\t\t\t\t\t\t\t<sr7-bg id=\"SR7_1_1-4-7\" class=\"sr7-layer\"><noscript><img decoding=\"async\" src=\"https:\/\/faden.ao\/wp-content\/uploads\/2025\/04\/woman-canoeing-water-daytime_181624-49159.jpg\" alt=\"\" title=\"woman-canoeing-water-daytime_181624-49159\"><\/noscript><\/sr7-bg>\n\t\t\t\t\t\t\t<sr7-txt id=\"SR7_1_1-4-3\" class=\"sr7-layer\">Representamos o Pa\u00eds, <br> Dentro e Fora d'\u00c1gua<\/sr7-txt>\n\t\t\t\t\t\t\t<sr7-txt id=\"SR7_1_1-4-4\" class=\"sr7-layer\">Descubra as emo\u00e7\u00f5es que movem nossos atletas, <br>eventos que celebram o talento e a\u00e7\u00f5es <br> que impulsionam o desporto n\u00e1utico em todo o pa\u00eds.<\/sr7-txt>\n\t\t\t\t\t\t\t<sr7-txt id=\"SR7_1_1-4-6\" class=\"sr7-layer\">Sobre a FADEN<\/sr7-txt>\n\t\t\t\t\t\t<\/sr7-slide>\n\t\t\t\t\t<\/sr7-content>\n\t\t\t\t\t<image_lists style=\"display:none\">\n\t\t\t\t\t\t<img data-src=\"\/\/faden.ao\/wp-content\/uploads\/2025\/04\/woman-canoeing-water-daytime_181624-49159.jpg\" data-libid=\"3651\" data-lib=\"medialibrary\" title=\"woman-canoeing-water-daytime_181624-49159\" width=\"0\" height=\"0\" data-dbsrc=\"Ly9mYWRlbi5hby93cC1jb250ZW50L3VwbG9hZHMvMjAyNS8wNC93b21hbi1jYW5vZWluZy13YXRlci1kYXl0aW1lXzE4MTYyNC00OTE1OS5qcGc=\"\/>\n\t\t\t\t\t\t<img data-src=\"\/\/faden.ao\/wp-content\/uploads\/2025\/04\/faden-bg-1.png\" data-libid=\"3654\" data-lib=\"medialibrary\" title=\"faden-bg\" width=\"0\" height=\"0\" data-dbsrc=\"Ly9mYWRlbi5hby93cC1jb250ZW50L3VwbG9hZHMvMjAyNS8wNC9mYWRlbi1iZy0xLnBuZw==\"\/>\n\t\t\t\t\t\t<img data-src=\"\/\/faden.ao\/wp-content\/uploads\/2025\/04\/men-kayaking-nature-exploring-extreme-terrain-enjoying-recreational-pursuit-generated-by-artificial-intellingence-1-scaled.jpg\" data-libid=\"3655\" data-lib=\"medialibrary\" title=\"Men kayaking in nature, exploring extreme terrain, enjoying recreational pursuit generated by AI\" width=\"0\" height=\"0\" data-dbsrc=\"Ly9mYWRlbi5hby93cC1jb250ZW50L3VwbG9hZHMvMjAyNS8wNC9tZW4ta2F5YWtpbmctbmF0dXJlLWV4cGxvcmluZy1leHRyZW1lLXRlcnJhaW4tZW5qb3lpbmctcmVjcmVhdGlvbmFsLXB1cnN1aXQtZ2VuZXJhdGVkLWJ5LWFydGlmaWNpYWwtaW50ZWxsaW5nZW5jZS0xLXNjYWxlZC5qcGc=\"\/>\n\t\t\t\t\t<\/image_lists>\n\t\t\t\t<\/sr7-module>\n\t\t\t\t<script>\n\t\t\t\t\tSR7.PMH ??={}; SR7.PMH[\"SR7_1_1\"] = {cn:100,state:false,fn: function() { if (_tpt!==undefined && _tpt.prepareModuleHeight !== undefined) {  _tpt.prepareModuleHeight({id:\"SR7_1_1\",el:[400,400,768,400,320],type:'standard',shdw:'0',gh:[400,400,350,266,164],gw:[1170,1170,1024,778,480],vpt:['-100px'],size:{fullWidth:false, fullHeight:false},mh:'0',onh:0,onw:0,bg:{color:'{\"orig\":\"transparent\",\"type\":\"solid\",\"string\":\"transparent\"}'},plType:'0',plColor:'#FFFFFF'});   SR7.PMH[\"SR7_1_1\"].state=true;} else if(SR7.PMH[\"SR7_1_1\"].cn-->0)\tsetTimeout( SR7.PMH[\"SR7_1_1\"].fn,19);}};SR7.PMH[\"SR7_1_1\" ].fn();\n\t\t\t\t<\/script>\n[\/vc_column][\/vc_row][vc_row row_space=&#8221;remove_padding_bottom&#8221;][vc_column][vc_column_text css=&#8221;&#8221;]<\/p>\n<h1 style=\"font-weight: 800;\"><span style=\"color: #003878;\">\u00daLTIMAS NOT\u00cdCIAS<\/span><\/h1>\n<p>[\/vc_column_text][gva_blogs_carousel post_style=&#8221;style-2&#8243; items_lg=&#8221;3&#8243; items_md=&#8221;3&#8243; items_sm=&#8221;2&#8243; items_xs=&#8221;2&#8243; ca_pagination=&#8221;0&#8243; show_excerpt=&#8221;true&#8221; loop=&#8221;size:4|order_by:date|post_type:post&#8221;][\/vc_column][\/vc_row][vc_row row_space=&#8221;remove_padding&#8221; isfullwidth=&#8221;0&#8243;][vc_column][vc_empty_space][vc_column_text css=&#8221;&#8221;]<\/p>\n<h1 style=\"font-weight: 800;\"><span style=\"color: #003878;\">PR\u00d3XIMOS EVENTOS<\/span><\/h1>\n<p>[\/vc_column_text][vc_empty_space][\/vc_column][vc_column width=&#8221;1\/2&#8243;][gva_block_heading icon=&#8221;gv-icon-619&#8243; align=&#8221;align-left&#8221; subtitle=&#8221;Nacionais&#8221;]<div class=\"eventer-dynamic-list-set\" id=\"eventer-dynamic-filters-86821\"><div class=\"eventer eventer-dynamic-listings-main eventer-list eventer-compact-list\" data-shortcode=\"{&quot;ids&quot;:&quot;&quot;,&quot;terms_cats&quot;:&quot;77&quot;,&quot;terms_tags&quot;:&quot;&quot;,&quot;terms_venue&quot;:&quot;&quot;,&quot;terms_organizer&quot;:&quot;&quot;,&quot;type&quot;:&quot;&quot;,&quot;status&quot;:&quot;future&quot;,&quot;lang&quot;:&quot;pt&quot;,&quot;series&quot;:&quot;&quot;,&quot;view&quot;:&quot;compact&quot;,&quot;background&quot;:&quot;&quot;,&quot;column&quot;:&quot;3&quot;,&quot;path&quot;:&quot;&quot;,&quot;venue&quot;:&quot;&quot;,&quot;filters&quot;:&quot;&quot;,&quot;month_filter&quot;:&quot;&quot;,&quot;name&quot;:&quot;eventer_list&quot;,&quot;calview&quot;:&quot;&quot;,&quot;pagination&quot;:&quot;&quot;,&quot;operator&quot;:&quot;&quot;,&quot;ajax&quot;:&quot;&quot;,&quot;pass&quot;:&quot;&quot;,&quot;occurrence&quot;:&quot;&quot;,&quot;featured&quot;:&quot;&quot;,&quot;count&quot;:&quot;10&quot;,&quot;event_until&quot;:&quot;1&quot;}\"><div class=\"eventer-loader-wrap\" style=\"display:none\"><div class=\"eventer-loader\"><\/div><\/div><div class=\"eventer-no-event-found\">No events to display.<\/div><\/div><\/div>[vc_empty_space][\/vc_column][vc_column width=&#8221;1\/2&#8243;][gva_block_heading icon=&#8221;gv-icon-619&#8243; align=&#8221;align-left&#8221; subtitle=&#8221;Internacionais&#8221;]<div class=\"eventer-dynamic-list-set\" id=\"eventer-dynamic-filters-447947\"><div class=\"eventer eventer-dynamic-listings-main eventer-list eventer-compact-list\" data-shortcode=\"{&quot;ids&quot;:&quot;&quot;,&quot;terms_cats&quot;:&quot;77&quot;,&quot;terms_tags&quot;:&quot;&quot;,&quot;terms_venue&quot;:&quot;&quot;,&quot;terms_organizer&quot;:&quot;&quot;,&quot;type&quot;:&quot;&quot;,&quot;status&quot;:&quot;future&quot;,&quot;lang&quot;:&quot;pt&quot;,&quot;series&quot;:&quot;&quot;,&quot;view&quot;:&quot;compact&quot;,&quot;background&quot;:&quot;&quot;,&quot;column&quot;:&quot;3&quot;,&quot;path&quot;:&quot;&quot;,&quot;venue&quot;:&quot;&quot;,&quot;filters&quot;:&quot;&quot;,&quot;month_filter&quot;:&quot;&quot;,&quot;name&quot;:&quot;eventer_list&quot;,&quot;calview&quot;:&quot;&quot;,&quot;pagination&quot;:&quot;&quot;,&quot;operator&quot;:&quot;&quot;,&quot;ajax&quot;:&quot;&quot;,&quot;pass&quot;:&quot;&quot;,&quot;occurrence&quot;:&quot;&quot;,&quot;featured&quot;:&quot;&quot;,&quot;count&quot;:&quot;10&quot;,&quot;event_until&quot;:&quot;1&quot;}\"><div class=\"eventer-loader-wrap\" style=\"display:none\"><div class=\"eventer-loader\"><\/div><\/div><div class=\"eventer-no-event-found\">No events to display.<\/div><\/div><\/div>[vc_empty_space][\/vc_column][\/vc_row][vc_row][vc_column width=&#8221;1\/2&#8243;][gva_block_heading title=&#8221;RANKING A&#8221; icon=&#8221;gv-icon-619&#8243; align=&#8221;align-left&#8221; subtitle=&#8221;Nacional&#8221;][vc_tta_tour][vc_tta_section i_icon_fontawesome=&#8221;fa fa-solid fa-arrow-up&#8221; add_icon=&#8221;true&#8221; title=&#8221;1\u00ba&#8221; tab_id=&#8221;1744186793838-308dde8a-9838&#8243;][gva_team name=&#8221;NOME DO ATLETA&#8221; job=&#8221;NOME DO CLUBE&#8221; photo=&#8221;3674&#8243;]Lorem ipsum dolor sit amet consectetur, adipiscing elit aenean et, blandit faucibus consequat sollicitudin. Habitasse dui non nunc quisque lectus metus id arcu suscipit, pretium potenti pulvinar placerat porta sagittis parturient blandit vitae viverra, mollis euismod faucibus dis class eu vulputate feugiat. [\/gva_team][\/vc_tta_section][vc_tta_section i_icon_fontawesome=&#8221;fa fa-solid fa-arrow-up-long&#8221; add_icon=&#8221;true&#8221; title=&#8221;2\u00ba&#8221; tab_id=&#8221;1744186793849-19f0a580-f8bb&#8221;][gva_team name=&#8221;NOME DO ATLETA&#8221; job=&#8221;NOME DO CLUBE&#8221; photo=&#8221;3707&#8243;]Lorem ipsum dolor sit amet consectetur, adipiscing elit aenean et, blandit faucibus consequat sollicitudin. Habitasse dui non nunc quisque lectus metus id arcu suscipit, pretium potenti pulvinar placerat porta sagittis parturient blandit vitae viverra, mollis euismod faucibus dis class eu vulputate feugiat. [\/gva_team][\/vc_tta_section][vc_tta_section i_icon_fontawesome=&#8221;fa fa-solid fa-arrow-up-long&#8221; add_icon=&#8221;true&#8221; title=&#8221;3\u00ba&#8221; tab_id=&#8221;1744186881576-24374652-b120&#8243;][gva_team name=&#8221;NOME DO ATLETA&#8221; job=&#8221;NOME DO CLUBE&#8221; photo=&#8221;3674&#8243;]Lorem ipsum dolor sit amet consectetur, adipiscing elit aenean et, blandit faucibus consequat sollicitudin. Habitasse dui non nunc quisque lectus metus id arcu suscipit, pretium potenti pulvinar placerat porta sagittis parturient blandit vitae viverra, mollis euismod faucibus dis class eu vulputate feugiat. [\/gva_team][\/vc_tta_section][\/vc_tta_tour][\/vc_column][vc_column width=&#8221;1\/2&#8243;][gva_block_heading title=&#8221;RANKING B&#8221; icon=&#8221;gv-icon-619&#8243; align=&#8221;align-left&#8221; subtitle=&#8221;Mundial&#8221;][vc_tta_tour][vc_tta_section i_icon_fontawesome=&#8221;fa fa-solid fa-arrow-up-long&#8221; add_icon=&#8221;true&#8221; title=&#8221;1\u00ba&#8221; tab_id=&#8221;1744186940642-4cf0c3e5-d1e2&#8243;][gva_team name=&#8221;NOME DO ATLETA&#8221; job=&#8221;NOME DO CLUBE&#8221; photo=&#8221;3707&#8243;]Lorem ipsum dolor sit amet consectetur, adipiscing elit aenean et, blandit faucibus consequat sollicitudin. Habitasse dui non nunc quisque lectus metus id arcu suscipit, pretium potenti pulvinar placerat porta sagittis parturient blandit vitae viverra, mollis euismod faucibus dis class eu vulputate feugiat. [\/gva_team][\/vc_tta_section][vc_tta_section i_icon_fontawesome=&#8221;fa fa-solid fa-arrow-up-long&#8221; add_icon=&#8221;true&#8221; title=&#8221;2\u00ba&#8221; tab_id=&#8221;1744186940653-1537a321-411a&#8221;][gva_team name=&#8221;NOME DO ATLETA&#8221; job=&#8221;NOME DO CLUBE&#8221; photo=&#8221;3674&#8243;]Lorem ipsum dolor sit amet consectetur, adipiscing elit aenean et, blandit faucibus consequat sollicitudin. Habitasse dui non nunc quisque lectus metus id arcu suscipit, pretium potenti pulvinar placerat porta sagittis parturient blandit vitae viverra, mollis euismod faucibus dis class eu vulputate feugiat. [\/gva_team][\/vc_tta_section][vc_tta_section i_icon_fontawesome=&#8221;fa fa-solid fa-arrow-up-long&#8221; add_icon=&#8221;true&#8221; title=&#8221;3\u00ba&#8221; tab_id=&#8221;1744186940660-ac62ce8b-6eb3&#8243;][gva_team name=&#8221;NOME DO ATLETA&#8221; job=&#8221;NOME DO CLUBE&#8221; photo=&#8221;3707&#8243;]Lorem ipsum dolor sit amet consectetur, adipiscing elit aenean et, blandit faucibus consequat sollicitudin. Habitasse dui non nunc quisque lectus metus id arcu suscipit, pretium potenti pulvinar placerat porta sagittis parturient blandit vitae viverra, mollis euismod faucibus dis class eu vulputate feugiat. [\/gva_team][\/vc_tta_section][\/vc_tta_tour][\/vc_column][vc_column][\/vc_column][\/vc_row][vc_row isfullwidth=&#8221;&#8221; el_class=&#8221;bg-theme&#8221;][vc_column][vc_empty_space][\/vc_column][vc_column width=&#8221;1\/4&#8243;][gva_icon_box title=&#8221;Velocidade&#8221; icon=&#8221;gv-icon-1180&#8243; description=&#8221;Lorem ipsum dolor sit amet, consectetur adipiscing elit, sed do eiusmod tempor incididunt ut labore&#8221; icon_width=&#8221;fa-3x&#8221; skin_text=&#8221;text-light&#8221; icon_color=&#8221;#ffffff&#8221;][\/vc_column][vc_column width=&#8221;1\/4&#8243;][gva_icon_box title=&#8221;Maratona&#8221; icon=&#8221;gv-icon-1181&#8243; description=&#8221;Lorem ipsum dolor sit amet, consectetur adipiscing elit, sed do eiusmod tempor incididunt ut labore&#8221; icon_width=&#8221;fa-3x&#8221; skin_text=&#8221;text-light&#8221; icon_color=&#8221;#ffffff&#8221;][\/vc_column][vc_column width=&#8221;1\/4&#8243;][gva_icon_box title=&#8221;Canoagem de Mar&#8221; icon=&#8221;gv-icon-1181&#8243; description=&#8221;Lorem ipsum dolor sit amet, consectetur adipiscing elit, sed do eiusmod tempor incididunt ut labore.&#8221; icon_width=&#8221;fa-3x&#8221; skin_text=&#8221;text-light&#8221; icon_color=&#8221;#ffffff&#8221;][\/vc_column][vc_column width=&#8221;1\/4&#8243;][gva_icon_box title=&#8221;Rafting&#8221; icon=&#8221;gv-icon-1505&#8243; description=&#8221;Lorem ipsum dolor sit amet, consectetur adipiscing elit, sed do eiusmod tempor incididunt ut labore&#8221; icon_width=&#8221;fa-3x&#8221; skin_text=&#8221;text-light&#8221; icon_color=&#8221;#ffffff&#8221;][\/vc_column][\/vc_row][vc_row parallax=&#8221;content-moving&#8221; parallax_image=&#8221;3676&#8243; row_space=&#8221;padding-large&#8221;][vc_column][gva_call_to_action title=&#8221;Tradi\u00e7\u00e3o, T\u00e9cnica e Talento nas \u00c1guas do Pa\u00eds&#8221; button_align=&#8221;button-center&#8221; subtitle=&#8221;We are working hard to&#8221; width=&#8221;690px&#8221; video=&#8221;#&#8221;]Conhe\u00e7a a Federa\u00e7\u00e3o Angolana dos Desportos N\u00e1uticos[\/gva_call_to_action][\/vc_column][\/vc_row][vc_row custom_background=&#8221;bg-center&#8221; css=&#8221;.vc_custom_1530520416036{background-image: url(https:\/\/themegavias.com\/wp\/enzio\/wp-contenthttps:\/\/faden.ao\/wp-content\/uploads\/2018\/07\/map.png?id=2956) !important;}&#8221;][vc_column][gva_block_heading title=&#8221;PATROCINADORES E PARCEIROS&#8221; style=&#8221;style-2&#8243; align=&#8221;align-left&#8221;][gva_brands per_page=&#8221;12&#8243; items_lg=&#8221;5&#8243; items_md=&#8221;4&#8243; items_sm=&#8221;3&#8243; items_xs=&#8221;2&#8243; ca_navigation=&#8221;0&#8243; ca_pagination=&#8221;0&#8243; columns=&#8221;5&#8243;][gva_brands per_page=&#8221;12&#8243; items_lg=&#8221;5&#8243; items_md=&#8221;4&#8243; items_sm=&#8221;3&#8243; items_xs=&#8221;2&#8243; ca_navigation=&#8221;0&#8243; ca_pagination=&#8221;0&#8243; columns=&#8221;5&#8243;][\/vc_column][\/vc_row]<\/p>\n<\/div>","protected":false},"excerpt":{"rendered":"<p>[vc_row row_space=&#8221;remove_padding&#8221; isfullwidth=&#8221;0&#8243;][vc_column css=&#8221;.vc_custom_1744128430231{border-radius: 20px !important;}&#8221;][vc_empty_space][\/vc_column][\/vc_row][vc_row row_space=&#8221;remove_padding_bottom&#8221;][vc_column][vc_column_text css=&#8221;&#8221;] \u00daLTIMAS NOT\u00cdCIAS [\/vc_column_text][gva_blogs_carousel post_style=&#8221;style-2&#8243; items_lg=&#8221;3&#8243; items_md=&#8221;3&#8243; items_sm=&#8221;2&#8243; items_xs=&#8221;2&#8243; ca_pagination=&#8221;0&#8243; show_excerpt=&#8221;true&#8221; loop=&#8221;size:4|order_by:date|post_type:post&#8221;][\/vc_column][\/vc_row][vc_row row_space=&#8221;remove_padding&#8221; isfullwidth=&#8221;0&#8243;][vc_column][vc_empty_space][vc_column_text css=&#8221;&#8221;] PR\u00d3XIMOS EVENTOS [\/vc_column_text][vc_empty_space][\/vc_column][vc_column width=&#8221;1\/2&#8243;][gva_block_heading icon=&#8221;gv-icon-619&#8243; align=&#8221;align-left&#8221; subtitle=&#8221;Nacionais&#8221;][vc_empty_space][\/vc_column][vc_column width=&#8221;1\/2&#8243;][gva_block_heading icon=&#8221;gv-icon-619&#8243; align=&#8221;align-left&#8221; subtitle=&#8221;Internacionais&#8221;][vc_empty_space][\/vc_column][\/vc_row][vc_row][vc_column width=&#8221;1\/2&#8243;][gva_block_heading title=&#8221;RANKING A&#8221; icon=&#8221;gv-icon-619&#8243; align=&#8221;align-left&#8221; subtitle=&#8221;Nacional&#8221;][vc_tta_tour][vc_tta_section i_icon_fontawesome=&#8221;fa fa-solid fa-arrow-up&#8221; add_icon=&#8221;true&#8221; title=&#8221;1\u00ba&#8221; tab_id=&#8221;1744186793838-308dde8a-9838&#8243;][gva_team name=&#8221;NOME DO ATLETA&#8221; job=&#8221;NOME DO CLUBE&#8221; photo=&#8221;3674&#8243;]Lorem ipsum dolor sit [&hellip;]<\/p>\n","protected":false},"author":1,"featured_media":0,"parent":0,"menu_order":0,"comment_status":"closed","ping_status":"closed","template":"","meta":{"footnotes":""},"class_list":["post-36","page","type-page","status-publish","hentry"],"_links":{"self":[{"href":"https:\/\/faden.ao\/index.php\/wp-json\/wp\/v2\/pages\/36","targetHints":{"allow":["GET"]}}],"collection":[{"href":"https:\/\/faden.ao\/index.php\/wp-json\/wp\/v2\/pages"}],"about":[{"href":"https:\/\/faden.ao\/index.php\/wp-json\/wp\/v2\/types\/page"}],"author":[{"embeddable":true,"href":"https:\/\/faden.ao\/index.php\/wp-json\/wp\/v2\/users\/1"}],"replies":[{"embeddable":true,"href":"https:\/\/faden.ao\/index.php\/wp-json\/wp\/v2\/comments?post=36"}],"version-history":[{"count":55,"href":"https:\/\/faden.ao\/index.php\/wp-json\/wp\/v2\/pages\/36\/revisions"}],"predecessor-version":[{"id":3716,"href":"https:\/\/faden.ao\/index.php\/wp-json\/wp\/v2\/pages\/36\/revisions\/3716"}],"wp:attachment":[{"href":"https:\/\/faden.ao\/index.php\/wp-json\/wp\/v2\/media?parent=36"}],"curies":[{"name":"wp","href":"https:\/\/api.w.org\/{rel}","templated":true}]}}